{"id":14,"date":"2017-03-27T09:17:05","date_gmt":"2017-03-27T09:17:05","guid":{"rendered":"http:\/\/realitatificcio.com\/?page_id=14"},"modified":"2017-08-08T17:59:13","modified_gmt":"2017-08-08T17:59:13","slug":"cites","status":"publish","type":"page","link":"https:\/\/realitatificcio.com\/?page_id=14","title":{"rendered":"Cites"},"content":{"rendered":"<p>\u00abQualsevol cosa en aquesta vida que valgui la pena tenir, mereix que es treballi per ella\u00bb.<br \/>\n<strong>Andrew Carnegie (Industrial, empresari i filantrop americ\u00e0 d\u2019origen escoc\u00e8s. 1835-1919)<\/strong><\/p>\n<p>\u00abEl mateix vent bufa per a tots, el dels desastres i el dels \u00e8xits, el que canvia \u00e9s el dest\u00ed que li fixem al nostre veler\u00bb.<br \/>\n<strong>Jim Rohn (Empresari, autor i orador motivacional americ\u00e0. 1930-2009)<\/strong><\/p>\n<p>\u00abNo permetis que el soroll de les opinions alienes silenci\u00ef la teva veu interior\u00bb.<br \/>\n<strong>Steve Jobs (Empresari americ\u00e0. Cofundador i president executiu d\u2019Apple Inc. 1955-2011)<\/strong><\/p>\n<p>\u00abLes coses no es diuen, es fan, perqu\u00e8 al fer-se es diuen soles\u00bb.<br \/>\n<strong>Woody Allen (Director, guionista, escriptor i actor americ\u00e0. 1935)<\/strong><\/p>\n<p>\u00abSi no est\u00e0 a les teves mans canviar una situaci\u00f3 que et produeix dolor, sempre podr\u00e0s escollir l\u2019actitud amb la que afrontes aquest sofriment\u00bb.<br \/>\n<strong>Viktor Frankl (Neur\u00f2leg i psiquiatra austr\u00edac. 1905-1997)<\/strong><\/p>\n<p>\u00abEns \u00e9s molt f\u00e0cil sentir-nos v\u00edctimes i molt dif\u00edcil assumir en qu\u00e8 ens convindria progressar, en qu\u00e8 fallem\u00bb.<br \/>\n<strong>Carles Capdevila i Plandiura (Periodista i guionista catal\u00e0. 1965-2017)<\/strong><\/p>\n<p>\u00abEn aquesta societat que ens empeny a fingir i trepitjar fort a les xarxes i a la vida, les veritats m\u00e9s verdaderes que ens queden s\u00f3n les \u00edntimes\u00bb.<br \/>\n<strong>Carles Capdevila i Plandiura (Periodista i guionista catal\u00e0. 1965-2017)<\/strong><\/p>\n<p>\u00abLes emocions inexpressades mai moren. S\u00f3n enterrades vives i surten m\u00e9s tard de pitjors formes\u00bb.<br \/>\n<strong>Sigmund Freud (Neur\u00f2leg austr\u00edac, pare del psicoan\u00e0lisis. 1856-1939)<\/strong><\/p>\n<p>\u00abNo ploris perqu\u00e8 el sol es pon, que les ll\u00e0grimes no et deixaran veure les estrelles\u00bb.<br \/>\n<strong>An\u00f2nim<\/strong><\/p>\n<p>\u00abApunta a la lluna, fins i tot si falles aterrar\u00e0s entre les estrelles\u00bb.<br \/>\n<strong>Les Brown (Orador motivacional americ\u00e0, autor i presentador. 1945)<\/strong><\/p>\n","protected":false},"excerpt":{"rendered":"<p>\u00abQualsevol cosa en aquesta vida que valgui la pena tenir, mereix que es treballi per ella\u00bb. Andrew Carnegie (Industrial, empresari i filantrop americ\u00e0 d\u2019origen escoc\u00e8s. 1835-1919) \u00abEl mateix vent bufa per a tots, el dels desastres i el dels \u00e8xits, el que canvia \u00e9s el dest\u00ed que li fixem al nostre veler\u00bb. Jim Rohn (Empresari, &hellip; <\/p>\n<p class=\"link-more\"><a href=\"https:\/\/realitatificcio.com\/?page_id=14\" class=\"more-link\">Continuar leyendo<span class=\"screen-reader-text\"> \u00abCites\u00bb<\/span><\/a><\/p>\n","protected":false},"author":1,"featured_media":0,"parent":0,"menu_order":0,"comment_status":"closed","ping_status":"closed","template":"","meta":{"footnotes":""},"_links":{"self":[{"href":"https:\/\/realitatificcio.com\/index.php?rest_route=\/wp\/v2\/pages\/14"}],"collection":[{"href":"https:\/\/realitatificcio.com\/index.php?rest_route=\/wp\/v2\/pages"}],"about":[{"href":"https:\/\/realitatificcio.com\/index.php?rest_route=\/wp\/v2\/types\/page"}],"author":[{"embeddable":true,"href":"https:\/\/realitatificcio.com\/index.php?rest_route=\/wp\/v2\/users\/1"}],"replies":[{"embeddable":true,"href":"https:\/\/realitatificcio.com\/index.php?rest_route=%2Fwp%2Fv2%2Fcomments&post=14"}],"version-history":[{"count":8,"href":"https:\/\/realitatificcio.com\/index.php?rest_route=\/wp\/v2\/pages\/14\/revisions"}],"predecessor-version":[{"id":112,"href":"https:\/\/realitatificcio.com\/index.php?rest_route=\/wp\/v2\/pages\/14\/revisions\/112"}],"wp:attachment":[{"href":"https:\/\/realitatificcio.com\/index.php?rest_route=%2Fwp%2Fv2%2Fmedia&parent=14"}],"curies":[{"name":"wp","href":"https:\/\/api.w.org\/{rel}","templated":true}]}}