{"id":16,"date":"2017-03-27T09:17:05","date_gmt":"2017-03-27T09:17:05","guid":{"rendered":"http:\/\/realitatificcio.com\/?page_id=16"},"modified":"2017-07-30T09:06:21","modified_gmt":"2017-07-30T09:06:21","slug":"noticies","status":"publish","type":"page","link":"https:\/\/realitatificcio.com\/?page_id=16","title":{"rendered":"Not\u00edcies"},"content":{"rendered":"<ul>\n<li>En tres mesos ja tenim pr\u00e0cticament esgotada la Primera Edici\u00f3. Estem treballant perqu\u00e8 al setembre surti la Segona Edici\u00f3.<\/li>\n<li><a href=\"http:\/\/www.lactual.cat\/cat\/notices\/2017\/07\/un-llibre-al-voltant-d-una-herencia-26001.php\" target=\"_blank\" rel=\"noopener noreferrer\">Entrevista a L&#8217;Actual.cat i Radio Castellar del Vall\u00e8s<\/a> (12\/07\/2017)<\/li>\n<li><a href=\"http:\/\/www.lactual.cat\/cat\/notices\/2017\/07\/una-perruqueria-no-nomes-per-llegir-l-hola-25913.php\" target=\"_blank\" rel=\"noopener noreferrer\">Presentaci\u00f3 del llibre a Castellar del Vall\u00e8s<\/a> (05\/07\/2017) &#8211; l&#8217;actual<\/li>\n<li><a href=\"https:\/\/www.youtube.com\/watch?v=aPylCBFHtKI\" target=\"_blank\" rel=\"noopener noreferrer\">V\u00eddeo presentaci\u00f3 llibre<\/a> (06\/04\/2017)<\/li>\n<li><a href=\"https:\/\/soundcloud.com\/radiosabadell\/desperta-sabadell-familia-realitat-ficcio\" target=\"_blank\" rel=\"noopener noreferrer\">Entrevista a Jordi Gual a R\u00e0dio Sabadell<\/a><\/li>\n<li><a href=\"http:\/\/www.isabadell.cat\/sabadell\/cultura\/es-presenta-un-llibre-que-convida-a-la-reflexio-sobre-la-familia\/\" target=\"_blank\" rel=\"noopener noreferrer\">Es presenta un llibre que convida a la reflexi\u00f3 sobre la fam\u00edlia<\/a>\u00a0&#8211; iSabadell.cat<\/li>\n<li><a href=\"https:\/\/activitesculturelles.wordpress.com\/2017\/03\/31\/presentacio-del-llibre\" target=\"_blank\" rel=\"noopener noreferrer\">Presentaci\u00f3 del llibre el proper dijous 6 d&#8217;abril a les 19:30 hores a l&#8217;Alliance Fran\u00e7aise.\u00a0<\/a><\/li>\n<\/ul>\n","protected":false},"excerpt":{"rendered":"<p>En tres mesos ja tenim pr\u00e0cticament esgotada la Primera Edici\u00f3. Estem treballant perqu\u00e8 al setembre surti la Segona Edici\u00f3. Entrevista a L&#8217;Actual.cat i Radio Castellar del Vall\u00e8s (12\/07\/2017) Presentaci\u00f3 del llibre a Castellar del Vall\u00e8s (05\/07\/2017) &#8211; l&#8217;actual V\u00eddeo presentaci\u00f3 llibre (06\/04\/2017) Entrevista a Jordi Gual a R\u00e0dio Sabadell Es presenta un llibre que convida &hellip; <\/p>\n<p class=\"link-more\"><a href=\"https:\/\/realitatificcio.com\/?page_id=16\" class=\"more-link\">Continuar leyendo<span class=\"screen-reader-text\"> \u00abNot\u00edcies\u00bb<\/span><\/a><\/p>\n","protected":false},"author":1,"featured_media":0,"parent":0,"menu_order":0,"comment_status":"closed","ping_status":"closed","template":"","meta":{"footnotes":""},"_links":{"self":[{"href":"https:\/\/realitatificcio.com\/index.php?rest_route=\/wp\/v2\/pages\/16"}],"collection":[{"href":"https:\/\/realitatificcio.com\/index.php?rest_route=\/wp\/v2\/pages"}],"about":[{"href":"https:\/\/realitatificcio.com\/index.php?rest_route=\/wp\/v2\/types\/page"}],"author":[{"embeddable":true,"href":"https:\/\/realitatificcio.com\/index.php?rest_route=\/wp\/v2\/users\/1"}],"replies":[{"embeddable":true,"href":"https:\/\/realitatificcio.com\/index.php?rest_route=%2Fwp%2Fv2%2Fcomments&post=16"}],"version-history":[{"count":7,"href":"https:\/\/realitatificcio.com\/index.php?rest_route=\/wp\/v2\/pages\/16\/revisions"}],"predecessor-version":[{"id":108,"href":"https:\/\/realitatificcio.com\/index.php?rest_route=\/wp\/v2\/pages\/16\/revisions\/108"}],"wp:attachment":[{"href":"https:\/\/realitatificcio.com\/index.php?rest_route=%2Fwp%2Fv2%2Fmedia&parent=16"}],"curies":[{"name":"wp","href":"https:\/\/api.w.org\/{rel}","templated":true}]}}