{"id":45,"date":"2017-03-27T09:31:47","date_gmt":"2017-03-27T09:31:47","guid":{"rendered":"http:\/\/realitatificcio.com\/?page_id=45"},"modified":"2017-03-27T09:45:59","modified_gmt":"2017-03-27T09:45:59","slug":"autor","status":"publish","type":"page","link":"https:\/\/realitatificcio.com\/?page_id=45","title":{"rendered":"Autor"},"content":{"rendered":"<p><img loading=\"lazy\" decoding=\"async\" class=\"size-medium wp-image-58 aligncenter\" src=\"https:\/\/realitatificcio.com\/wp-content\/uploads\/2017\/03\/DSC_7182web-224x300.jpg\" alt=\"\" width=\"224\" height=\"300\" srcset=\"https:\/\/realitatificcio.com\/wp-content\/uploads\/2017\/03\/DSC_7182web-224x300.jpg 224w, https:\/\/realitatificcio.com\/wp-content\/uploads\/2017\/03\/DSC_7182web.jpg 403w\" sizes=\"(max-width: 224px) 100vw, 224px\" \/><\/p>\n<p><strong>JORDI GUAL GU\u00c0RDIA<\/strong><\/p>\n<p>Va n\u00e9ixer a Badalona el 1976. \u00c9s Economista i Advocat, soci Auditor de Comptes format en Alta Direcci\u00f3. Ha cursat els seus estudis superiors a la Universitat Aut\u00f2noma de Barcelona, a la Universitat Abat Oliba-CEU i a la Universidad Rey Juan Carlos de Madrid. Ha desenvolupat la major part de la seva carrera professional en l&#8217;\u00e0mbit de l&#8217;Auditoria Financera (Tant en empreses mercantils com en entitats sense \u00e0nim de lucre), aix\u00ed com de l&#8217;advocacia.<\/p>\n<p>\u201cLA FAM\u00cdLIA: REALITAT I FICCI\u00d3\u201d \u00e9s la seva primera novel\u00b7la. Tamb\u00e9 ha col\u00b7laborat amb una pon\u00e8ncia t\u00e8cnica sobre el Codi Civil de Catalunya, en el llibre Els Drets Reals (Atelier Llibres Jur\u00eddics)<\/p>\n","protected":false},"excerpt":{"rendered":"<p>JORDI GUAL GU\u00c0RDIA Va n\u00e9ixer a Badalona el 1976. \u00c9s Economista i Advocat, soci Auditor de Comptes format en Alta Direcci\u00f3. Ha cursat els seus estudis superiors a la Universitat Aut\u00f2noma de Barcelona, a la Universitat Abat Oliba-CEU i a la Universidad Rey Juan Carlos de Madrid. Ha desenvolupat la major part de la seva &hellip; <\/p>\n<p class=\"link-more\"><a href=\"https:\/\/realitatificcio.com\/?page_id=45\" class=\"more-link\">Continuar leyendo<span class=\"screen-reader-text\"> \u00abAutor\u00bb<\/span><\/a><\/p>\n","protected":false},"author":1,"featured_media":0,"parent":0,"menu_order":0,"comment_status":"closed","ping_status":"closed","template":"","meta":{"footnotes":""},"_links":{"self":[{"href":"https:\/\/realitatificcio.com\/index.php?rest_route=\/wp\/v2\/pages\/45"}],"collection":[{"href":"https:\/\/realitatificcio.com\/index.php?rest_route=\/wp\/v2\/pages"}],"about":[{"href":"https:\/\/realitatificcio.com\/index.php?rest_route=\/wp\/v2\/types\/page"}],"author":[{"embeddable":true,"href":"https:\/\/realitatificcio.com\/index.php?rest_route=\/wp\/v2\/users\/1"}],"replies":[{"embeddable":true,"href":"https:\/\/realitatificcio.com\/index.php?rest_route=%2Fwp%2Fv2%2Fcomments&post=45"}],"version-history":[{"count":6,"href":"https:\/\/realitatificcio.com\/index.php?rest_route=\/wp\/v2\/pages\/45\/revisions"}],"predecessor-version":[{"id":61,"href":"https:\/\/realitatificcio.com\/index.php?rest_route=\/wp\/v2\/pages\/45\/revisions\/61"}],"wp:attachment":[{"href":"https:\/\/realitatificcio.com\/index.php?rest_route=%2Fwp%2Fv2%2Fmedia&parent=45"}],"curies":[{"name":"wp","href":"https:\/\/api.w.org\/{rel}","templated":true}]}}