{"id":48,"date":"2017-03-27T09:31:47","date_gmt":"2017-03-27T09:31:47","guid":{"rendered":"http:\/\/realitatificcio.com\/?page_id=48"},"modified":"2017-07-30T09:00:20","modified_gmt":"2017-07-30T09:00:20","slug":"musica","status":"publish","type":"page","link":"https:\/\/realitatificcio.com\/?page_id=48","title":{"rendered":"M\u00fasica"},"content":{"rendered":"<p>Aquest \u00e9s un llibre amb banda sonora. Una banda sonora que recull la m\u00fasica i v\u00eddeos m\u00e9s significatius que m\u2019han acompanyat durant el temps que ha durat el projecte d\u2019aquest llibre. Uns v\u00eddeos musicals que m\u2019han fet sentir el que us volia transmetre en cada cap\u00edtol, i que finalment he volgut compartir amb vosaltres con un element m\u00e9s d\u2019aquesta experi\u00e8ncia.<\/p>\n<p>MOLT IMPORTANT, aquests v\u00eddeos estan penjats a la plataforma YouTube per tercers aliens a l\u2019autor d\u2019aquest llibre. Per q\u00fcestions de format i drets d\u2019autor de YouTube, els v\u00eddeos musicals n\u00famero 5 i n\u00famero 13 que vaig estriar inicialment no permeten que siguin visionats des del m\u00f2bil. Aix\u00ed doncs, per aquestes dues can\u00e7ons hi ha una versi\u00f3 per ordinador i una altra per m\u00f2bil.<\/p>\n<p>1- Forrest Gump &#8211; Hollywood in Vienna 2011<\/p>\n<p><iframe loading=\"lazy\" width=\"525\" height=\"295\" src=\"https:\/\/www.youtube.com\/embed\/ERnykifyKK8?feature=oembed\" frameborder=\"0\" allowfullscreen><\/iframe><\/p>\n<p>(Introducci\u00f3) Perqu\u00e8 no hi ha millor forma de comen\u00e7ar qualsevol projecte que amb una gran pe\u00e7a de piano. I en aquest cas \u00e9s molt significatiu perqu\u00e8 dos dels protagonistes de la hist\u00f2ria que us explicar\u00e9, els hi encanta aquest meravell\u00f3s instrument.<\/p>\n<p>2- Els Catarres \u2013 El m\u00f3n \u00e9s teu<\/p>\n<p><iframe loading=\"lazy\" width=\"525\" height=\"295\" src=\"https:\/\/www.youtube.com\/embed\/S30liQgEaHM?feature=oembed\" frameborder=\"0\" allowfullscreen><\/iframe><\/p>\n<p>(CAPITOL I) Pel seu missatge, pel seu ritme, per la seva for\u00e7a, pel seu talent: \u201cTot comen\u00e7a amb un sol pas i l\u2019\u00fanic rumb possible \u00e9s endavant\u201d \u201cLes millors coses, les m\u00e9s bones, les que no tenen mesura ja s\u00f3n teves\u201d \u201c&#8230; viu cada segon com si fos l\u2019\u00faltim dia d\u2019aquest m\u00f3n\u201d.<\/p>\n<p>3- Sergio Dalma i escolan\u00eda de Montserrat \u2013 Em dones for\u00e7a<\/p>\n<p><iframe loading=\"lazy\" width=\"525\" height=\"295\" src=\"https:\/\/www.youtube.com\/embed\/c64MSvRRHnc?feature=oembed\" frameborder=\"0\" allowfullscreen><\/iframe><\/p>\n<p>(CAPITOL II) Per la for\u00e7a i la pau que ens d\u00f3nes cada dia. Per qu\u00e8 amb tu a les nostres vides, som millors persones. Perqu\u00e8 a vegades hi ha circumst\u00e0ncies que et fan tocar fons i necessites for\u00e7a per tirar endavant i superar tots els obstacles. I quan te\u2019n surts, aprens, ets m\u00e9s fort i d\u00f3nes gr\u00e0cies.<\/p>\n<p>4- Col\u00b7lectiva d\u2019altres can\u00e7ons de Nadal 5 \u2013 Quan somrius<\/p>\n<p><iframe loading=\"lazy\" width=\"525\" height=\"295\" src=\"https:\/\/www.youtube.com\/embed\/3ViDtcWxHwA?feature=oembed\" frameborder=\"0\" allowfullscreen><\/iframe><\/p>\n<p>(CAPITOL III) Perqu\u00e8 brilli sempre la llum del Nadal al nostre cor.<\/p>\n<p>5- Per visionar des de l\u2019ordinador: Marvin Gaye &amp; Tammi Terrell &#8211; Ain&#8217;t No Mountain High Enough<\/p>\n<p><iframe loading=\"lazy\" width=\"525\" height=\"394\" src=\"https:\/\/www.youtube.com\/embed\/Xz-UvQYAmbg?feature=oembed\" frameborder=\"0\" allowfullscreen><\/iframe><\/p>\n<p>Per visionar des del m\u00f2bil: Sister act 2 &#8211; Ain&#8217;t No Mountain High Enough<\/p>\n<p><iframe loading=\"lazy\" width=\"525\" height=\"295\" src=\"https:\/\/www.youtube.com\/embed\/viiOCA8Vd-0?feature=oembed\" frameborder=\"0\" allowfullscreen><\/iframe><\/p>\n<p>(CAPITOL IV) Perqu\u00e8 quan dues persones s\u2019estimen, ning\u00fa t\u00e9 dret a interposar-s\u2019hi. I per molts obstacles que hi hagi pel cam\u00ed, finalment aconseguiran estar junts, pesi a qui li pesi.<\/p>\n<p>6- Sole Gim\u00e9nez \u2013 Sense tu<\/p>\n<p><iframe loading=\"lazy\" width=\"525\" height=\"295\" src=\"https:\/\/www.youtube.com\/embed\/SwZmUVUQlX4?feature=oembed\" frameborder=\"0\" allowfullscreen><\/iframe><\/p>\n<p>(CAPITOL V) Perqu\u00e8 quan un dels teus et falta, l\u2019\u00fanic que et queden s\u00f3n els records per sentir-l@ m\u00e9s a prop, i amb la intimitat de la nit enyorar-l@ i, perqu\u00e8 no, a vegades plorar.<\/p>\n<p>7- Els pets &#8211; Vespre<\/p>\n<p><iframe loading=\"lazy\" width=\"525\" height=\"394\" src=\"https:\/\/www.youtube.com\/embed\/tnPLW3REjLI?feature=oembed\" frameborder=\"0\" allowfullscreen><\/iframe><\/p>\n<p>(CAPITOL VI) Versi\u00f3 de piano d\u2019aquesta meravellosa can\u00e7\u00f3 d\u2019Els Pets. Una recomanaci\u00f3: \u201cNo ploris perqu\u00e8 el sol es pon, que les ll\u00e0grimes no et deixaran veure les estrelles.\u201d<\/p>\n<p>8- Meghan Trainor &#8211; Better When I&#8217;m Dancin&#8217;<\/p>\n<p><iframe loading=\"lazy\" width=\"525\" height=\"295\" src=\"https:\/\/www.youtube.com\/embed\/pkCyfBibIbI?feature=oembed\" frameborder=\"0\" allowfullscreen><\/iframe><\/p>\n<p>(CAPITOL VII) Perqu\u00e8 a vegades \u00e9s necessari canviar el xip, oblidar-nos per un moment dels maldecaps i les responsabilitats, i deixar-nos anar. I que millor que fer-ho ballant\u2026<\/p>\n<p>9- Joan Manel Serrat\u2013 Hoy puede ser un gran d\u00eda<\/p>\n<p><iframe loading=\"lazy\" width=\"525\" height=\"295\" src=\"https:\/\/www.youtube.com\/embed\/blbxLbTO5fk?feature=oembed\" frameborder=\"0\" allowfullscreen><\/iframe><\/p>\n<p>(CAPITOL VIII) Perqu\u00e8 a vegades necessitem que ens recordin que avui pot ser un gran dia. Per\u00f2 de veritat&#8230; dep\u00e8n de tu.<\/p>\n<p>10- Sopa de Cabra \u2013 Sense Treva<\/p>\n<p><iframe loading=\"lazy\" width=\"525\" height=\"295\" src=\"https:\/\/www.youtube.com\/embed\/rnN_y0XULr0?feature=oembed\" frameborder=\"0\" allowfullscreen><\/iframe><\/p>\n<p>(CAPITOL IX) Per la gent lluitadora, per la gent inconformista, per la veritat, per la moral i els principis.<\/p>\n<p>11- Beethoven &#8211; Piano Sonata N\u00ba 8 &#8216;Path\u00e9tique&#8217;. Adagio cantabile. Barenboim. \u00e0 El quadre \u00e9s de Van Gogh \u201cNoche estrellada sobre el R\u00f3dano\u201d.<\/p>\n<p><iframe loading=\"lazy\" width=\"525\" height=\"295\" src=\"https:\/\/www.youtube.com\/embed\/rIYaksMt6tM?feature=oembed\" frameborder=\"0\" allowfullscreen><\/iframe><\/p>\n<p>(CAPITOL X) Per les veritats m\u00e9s intimes, les hist\u00f2ries prohibides, per la nit estrellada que tot ho veu i tot ho amaga\u2026<\/p>\n<p>12- Sau \u2013 Boig per tu<\/p>\n<p><iframe loading=\"lazy\" width=\"525\" height=\"394\" src=\"https:\/\/www.youtube.com\/embed\/8e9qkRcwXeM?feature=oembed\" frameborder=\"0\" allowfullscreen><\/iframe><\/p>\n<p>(CAPITOL XI) Qu\u00e8 seria de la nostra vida sense la passi\u00f3 i la bogeria de l\u2019amor?<\/p>\n<p>13- Per visionar des de l\u2019ordinador: The Jackson Five &#8211; I&#8217;ll be there<\/p>\n<p><iframe loading=\"lazy\" width=\"525\" height=\"394\" src=\"https:\/\/www.youtube.com\/embed\/zU4IYrSunFc?feature=oembed\" frameborder=\"0\" allowfullscreen><\/iframe><\/p>\n<p>Per visionar des del m\u00f2bil: Mariah Carey &#8211; I&#8217;ll be there<\/p>\n<p><iframe loading=\"lazy\" width=\"525\" height=\"295\" src=\"https:\/\/www.youtube.com\/embed\/AMUv7gE70Fs?feature=oembed\" frameborder=\"0\" allowfullscreen><\/iframe><\/p>\n<p>(CAPITOL XII) Perqu\u00e8 sempre que em necessitis, all\u00e0 estar\u00e9.<\/p>\n<p>14- Manel &#8211; Ens en sortim<\/p>\n<p><iframe loading=\"lazy\" width=\"525\" height=\"394\" src=\"https:\/\/www.youtube.com\/embed\/CaBEYU4nNzI?feature=oembed\" frameborder=\"0\" allowfullscreen><\/iframe><\/p>\n<p>(CAPITOL XII) Perqu\u00e8 un cop passat tot, la vida continua i ens en sortim.<\/p>\n","protected":false},"excerpt":{"rendered":"<p>Aquest \u00e9s un llibre amb banda sonora. Una banda sonora que recull la m\u00fasica i v\u00eddeos m\u00e9s significatius que m\u2019han acompanyat durant el temps que ha durat el projecte d\u2019aquest llibre. Uns v\u00eddeos musicals que m\u2019han fet sentir el que us volia transmetre en cada cap\u00edtol, i que finalment he volgut compartir amb vosaltres con &hellip; <\/p>\n<p class=\"link-more\"><a href=\"https:\/\/realitatificcio.com\/?page_id=48\" class=\"more-link\">Continuar leyendo<span class=\"screen-reader-text\"> \u00abM\u00fasica\u00bb<\/span><\/a><\/p>\n","protected":false},"author":1,"featured_media":0,"parent":0,"menu_order":0,"comment_status":"closed","ping_status":"closed","template":"","meta":{"footnotes":""},"_links":{"self":[{"href":"https:\/\/realitatificcio.com\/index.php?rest_route=\/wp\/v2\/pages\/48"}],"collection":[{"href":"https:\/\/realitatificcio.com\/index.php?rest_route=\/wp\/v2\/pages"}],"about":[{"href":"https:\/\/realitatificcio.com\/index.php?rest_route=\/wp\/v2\/types\/page"}],"author":[{"embeddable":true,"href":"https:\/\/realitatificcio.com\/index.php?rest_route=\/wp\/v2\/users\/1"}],"replies":[{"embeddable":true,"href":"https:\/\/realitatificcio.com\/index.php?rest_route=%2Fwp%2Fv2%2Fcomments&post=48"}],"version-history":[{"count":5,"href":"https:\/\/realitatificcio.com\/index.php?rest_route=\/wp\/v2\/pages\/48\/revisions"}],"predecessor-version":[{"id":106,"href":"https:\/\/realitatificcio.com\/index.php?rest_route=\/wp\/v2\/pages\/48\/revisions\/106"}],"wp:attachment":[{"href":"https:\/\/realitatificcio.com\/index.php?rest_route=%2Fwp%2Fv2%2Fmedia&parent=48"}],"curies":[{"name":"wp","href":"https:\/\/api.w.org\/{rel}","templated":true}]}}