{"id":7,"date":"2017-03-27T09:17:05","date_gmt":"2017-03-27T09:17:05","guid":{"rendered":"http:\/\/realitatificcio.com\/?page_id=7"},"modified":"2017-04-04T21:00:26","modified_gmt":"2017-04-04T21:00:26","slug":"inicio","status":"publish","type":"page","link":"https:\/\/realitatificcio.com\/","title":{"rendered":""},"content":{"rendered":"<p>Benvingut al web de la novel\u00b7la LA FAM\u00cdLIA: REALITAT I FICCI\u00d3.<\/p>\n<p>La vida est\u00e0 plena d\u2019experi\u00e8ncies i llegir un llibre no deixa de ser-ne una m\u00e9s. De les millors, diria jo.<\/p>\n<p><strong>Qu\u00e8 podr\u00e0s experimentar amb aquest llibre?<\/strong><\/p>\n<ul>\n<li>Una hist\u00f2ria novel\u00b7lada inspirada en casos reals.<\/li>\n<li>Una lectura interactiva amb aquesta web, on hi trobar\u00e0s els v\u00eddeos musicals de cada cap\u00edtol, articles recomanats, xerrades motivadores i interessants\u2026 que t\u2019anir\u00e9 proposant al llarg del llibre.<\/li>\n<li>Cites de grans personatges de la hist\u00f2ria que formen part de la novel\u00b7la.<\/li>\n<li>Consells sobre com gestionar un testament en l\u2019\u00e0mbit familiar.<\/li>\n<li>Una publicaci\u00f3 sense \u00e0nim de lucre. El 100% dels beneficis de la venda d\u2019aquesta primera edici\u00f3 (Mar\u00e7 2017), l\u2019autor els donar\u00e0 a l\u2019Associaci\u00f3 Catalana de V\u00edctimes d\u2019Organitzacions Terroristes (ACVOT) per l\u2019assist\u00e8ncia psicol\u00f2gica i jur\u00eddica de les fam\u00edlies afectades.<\/li>\n<li>La primera edici\u00f3 (Mar\u00e7 2017) \u00e9s exclusiva i limitada a 200 unitats, on cada llibre est\u00e0 numerat.<\/li>\n<\/ul>\n<p>Espero que t\u2019agradi<\/p>\n<p>\u201cLa lectura del libro es f\u00e1cil, convincente y amena. El estilo del autor es sencillo, directo, sin apenas digresiones que tanto confunden al lector. Tiene un componente de intriga que provoca el estar muy pendiente de lo que va a suceder y c\u00f3mo acontecer\u00e1, con una descripci\u00f3n perfecta de los estados de \u00e1nimo de la protagonista al tomar conciencia de los hechos y compararlos con sus valores personales. Considero una buena novela, digna de leerse. Ofrece una oportunidad para reflexionar sobre las personas y sus comportamientos familiares.\u201d<\/p>\n<p>Jos\u00e9 Manuel P\u00e9rez Soto, consultor i advocat, PDG a IESE Business School i Director de la web d\u2019excel\u00b7l\u00e8ncia professional <a href=\"http:\/\/www.ffact.es\" target=\"_blank\">www.ffact.es<\/a><\/p>\n<p>\u201cDe com una fam\u00edlia ben avinguda se li esberla la pau despr\u00e9s de la mort de l\u2019avi. Cobd\u00edcia i desconfian\u00e7a, per\u00f2 tamb\u00e9 valors i calidesa en un relat entre la ficci\u00f3 i l\u2019assaig\u201d.<\/p>\n<p>Jordi de Arriba, periodista i director del diari digital iSabadell (<a href=\"http:\/\/www.isabadell.cat\" target=\"_blank\">www.isabadell.cat<\/a>).<\/p>\n","protected":false},"excerpt":{"rendered":"<p>Benvingut al web de la novel\u00b7la LA FAM\u00cdLIA: REALITAT I FICCI\u00d3. La vida est\u00e0 plena d\u2019experi\u00e8ncies i llegir un llibre no deixa de ser-ne una m\u00e9s. De les millors, diria jo. Qu\u00e8 podr\u00e0s experimentar amb aquest llibre? Una hist\u00f2ria novel\u00b7lada inspirada en casos reals. Una lectura interactiva amb aquesta web, on hi trobar\u00e0s els v\u00eddeos &hellip; <\/p>\n<p class=\"link-more\"><a href=\"https:\/\/realitatificcio.com\/\" class=\"more-link\">Continuar leyendo<span class=\"screen-reader-text\"> \u00ab\u00bb<\/span><\/a><\/p>\n","protected":false},"author":1,"featured_media":0,"parent":0,"menu_order":0,"comment_status":"closed","ping_status":"closed","template":"","meta":{"footnotes":""},"_links":{"self":[{"href":"https:\/\/realitatificcio.com\/index.php?rest_route=\/wp\/v2\/pages\/7"}],"collection":[{"href":"https:\/\/realitatificcio.com\/index.php?rest_route=\/wp\/v2\/pages"}],"about":[{"href":"https:\/\/realitatificcio.com\/index.php?rest_route=\/wp\/v2\/types\/page"}],"author":[{"embeddable":true,"href":"https:\/\/realitatificcio.com\/index.php?rest_route=\/wp\/v2\/users\/1"}],"replies":[{"embeddable":true,"href":"https:\/\/realitatificcio.com\/index.php?rest_route=%2Fwp%2Fv2%2Fcomments&post=7"}],"version-history":[{"count":9,"href":"https:\/\/realitatificcio.com\/index.php?rest_route=\/wp\/v2\/pages\/7\/revisions"}],"predecessor-version":[{"id":96,"href":"https:\/\/realitatificcio.com\/index.php?rest_route=\/wp\/v2\/pages\/7\/revisions\/96"}],"wp:attachment":[{"href":"https:\/\/realitatificcio.com\/index.php?rest_route=%2Fwp%2Fv2%2Fmedia&parent=7"}],"curies":[{"name":"wp","href":"https:\/\/api.w.org\/{rel}","templated":true}]}}